{"id":3,"date":"2021-12-23T16:50:43","date_gmt":"2021-12-23T15:50:43","guid":{"rendered":"http:\/\/galerie-antoine-delerive.fr\/?page_id=3"},"modified":"2021-12-23T19:05:18","modified_gmt":"2021-12-23T18:05:18","slug":"politique-de-confidentialite","status":"publish","type":"page","link":"https:\/\/galerie-antoine-delerive.fr\/index.php\/politique-de-confidentialite\/","title":{"rendered":"Politique de confidentialit\u00e9"},"content":{"rendered":"\t\t<div data-elementor-type=\"wp-page\" data-elementor-id=\"3\" class=\"elementor elementor-3\">\n\t\t\t\t\t\t\t\t\t<section class=\"elementor-section elementor-top-section elementor-element elementor-element-5453c56b elementor-section-boxed elementor-section-height-default elementor-section-height-default\" data-id=\"5453c56b\" data-element_type=\"section\">\n\t\t\t\t\t\t<div class=\"elementor-container elementor-column-gap-default\">\n\t\t\t\t\t<div class=\"elementor-column elementor-col-100 elementor-top-column elementor-element elementor-element-2a99d8ec\" data-id=\"2a99d8ec\" data-element_type=\"column\">\n\t\t\t<div class=\"elementor-widget-wrap elementor-element-populated\">\n\t\t\t\t\t\t\t\t<div class=\"elementor-element elementor-element-7aae519 elementor-widget elementor-widget-text-editor\" data-id=\"7aae519\" data-element_type=\"widget\" data-widget_type=\"text-editor.default\">\n\t\t\t\t<div class=\"elementor-widget-container\">\n\t\t\t<style>\/*! elementor - v3.6.6 - 08-06-2022 *\/\n.elementor-widget-text-editor.elementor-drop-cap-view-stacked .elementor-drop-cap{background-color:#818a91;color:#fff}.elementor-widget-text-editor.elementor-drop-cap-view-framed .elementor-drop-cap{color:#818a91;border:3px solid;background-color:transparent}.elementor-widget-text-editor:not(.elementor-drop-cap-view-default) .elementor-drop-cap{margin-top:8px}.elementor-widget-text-editor:not(.elementor-drop-cap-view-default) .elementor-drop-cap-letter{width:1em;height:1em}.elementor-widget-text-editor .elementor-drop-cap{float:left;text-align:center;line-height:1;font-size:50px}.elementor-widget-text-editor .elementor-drop-cap-letter{display:inline-block}<\/style>\t\t\t\t<!-- wp:heading -->\n<h2>Qui sommes-nous\u00a0?<\/h2>\n<p>Nous sommes la Galerie Antoine Delerive situ\u00e9 au 8 rue Bartholom\u00e9 Masurel dans le Vieux-Lille.<\/p>\n<!-- \/wp:heading -->\n\n<!-- wp:paragraph --><!-- \/wp:paragraph -->\n\n<!-- wp:heading -->\n<h2>M\u00e9dias<\/h2>\n<!-- \/wp:heading -->\n\n<!-- wp:paragraph -->\n<p>Toutes les images que nous utilisons sont notre propri\u00e9t\u00e9s et sont retrouvables sur instgram. Ce site a pour vocation de montrer les oeuvres qui nous plaisent mais ne contient pas d&rsquo;aspect marchant dans le sens ou vous ne pourrez pas acheter les oeuvres pr\u00e9sent\u00e9es depuis le site mais en venant directement en magasin.<\/p>\n<!-- \/wp:paragraph -->\n\n<!-- wp:heading -->\n<h2>Cookies<\/h2>\n<!-- \/wp:heading -->\n\n<!-- wp:paragraph -->\n<p>Si vous \u00eates \u00e9tonn\u00e9s de ne pas voir de pop-ups en venant sur notre site, c&rsquo;est parce que nous avons d\u00e9cid\u00e9 de ne pas en mettre et de ne pas vous encombrer avec cela. Nous n&rsquo;avons pas d&rsquo;int\u00e9r\u00eat \u00e0 recueillir vos donn\u00e9s donc soyez rassur\u00e9s.<\/p>\n<!-- \/wp:paragraph -->\n\n<!-- wp:heading -->\n<h2>Contenu embarqu\u00e9 depuis d\u2019autres sites<\/h2>\n<!-- \/wp:heading -->\n\n<!-- wp:paragraph -->\n<p>Les articles de ce site peuvent inclure des contenus int\u00e9gr\u00e9s (nos images proviennent de notre instagram). Le contenu int\u00e9gr\u00e9 depuis d\u2019autres sites se comporte de la m\u00eame mani\u00e8re que si le visiteur se rendait sur cet autre site.<\/p>\n<!-- \/wp:paragraph -->\n\n<!-- wp:paragraph -->\n<p>Ces sites web pourraient collecter des donn\u00e9es sur vous, utiliser des cookies, embarquer des outils de suivis tiers, suivre vos interactions avec ces contenus embarqu\u00e9s si vous disposez d\u2019un compte connect\u00e9 sur leur site web.<\/p>\n<!-- \/wp:paragraph -->\n\n<h2> \u00c9laboration et h\u00e9bergement du site :<\/h2>\n\n<p>Notre site a \u00e9t\u00e9 r\u00e9alis\u00e9 par <a href=\"https:\/\/r\u00e9usite.fr\">R\u00e9usite.fr<\/a>, une entreprise cr\u00e9\u00e9e par deux \u00e9tudiants sur Lille.\n<br><br>\nNous h\u00e9bergeons notre site sur un serveur <a href=\"hostinger.com\">Hostinger. \t\t\t\t\t\t<\/div>\n\t\t\t\t<\/div>\n\t\t\t\t\t<\/div>\n\t\t<\/div>\n\t\t\t\t\t\t\t<\/div>\n\t\t<\/section>\n\t\t\t\t\t\t\t<\/div>\n\t\t","protected":false},"excerpt":{"rendered":"<p>Qui sommes-nous\u00a0? Nous sommes la Galerie Antoine Delerive situ\u00e9 au 8 rue Bartholom\u00e9 Masurel dans le Vieux-Lille. M\u00e9dias Toutes les images que nous utilisons sont notre propri\u00e9t\u00e9s et sont retrouvables sur instgram. Ce site a pour vocation de montrer les oeuvres qui nous plaisent mais ne contient pas d&rsquo;aspect marchant dans le sens ou vous [&hellip;]<\/p>\n","protected":false},"author":1,"featured_media":0,"parent":0,"menu_order":0,"comment_status":"closed","ping_status":"open","template":"","meta":[],"_links":{"self":[{"href":"https:\/\/galerie-antoine-delerive.fr\/index.php\/wp-json\/wp\/v2\/pages\/3"}],"collection":[{"href":"https:\/\/galerie-antoine-delerive.fr\/index.php\/wp-json\/wp\/v2\/pages"}],"about":[{"href":"https:\/\/galerie-antoine-delerive.fr\/index.php\/wp-json\/wp\/v2\/types\/page"}],"author":[{"embeddable":true,"href":"https:\/\/galerie-antoine-delerive.fr\/index.php\/wp-json\/wp\/v2\/users\/1"}],"replies":[{"embeddable":true,"href":"https:\/\/galerie-antoine-delerive.fr\/index.php\/wp-json\/wp\/v2\/comments?post=3"}],"version-history":[{"count":6,"href":"https:\/\/galerie-antoine-delerive.fr\/index.php\/wp-json\/wp\/v2\/pages\/3\/revisions"}],"predecessor-version":[{"id":5511,"href":"https:\/\/galerie-antoine-delerive.fr\/index.php\/wp-json\/wp\/v2\/pages\/3\/revisions\/5511"}],"wp:attachment":[{"href":"https:\/\/galerie-antoine-delerive.fr\/index.php\/wp-json\/wp\/v2\/media?parent=3"}],"curies":[{"name":"wp","href":"https:\/\/api.w.org\/{rel}","templated":true}]}}